{"id":55677,"date":"2023-01-22T13:21:41","date_gmt":"2023-01-22T11:21:41","guid":{"rendered":"https:\/\/rosistem.xyz\/?page_id=55677"},"modified":"2023-01-24T17:43:14","modified_gmt":"2023-01-24T15:43:14","slug":"cookies","status":"publish","type":"page","link":"https:\/\/rosistem.com\/ro\/company\/cookies.html","title":{"rendered":"Cookie-uri"},"content":{"rendered":"<div class=\"wpb-content-wrapper\"><p>[vc_row][vc_column][vc_column_text]<\/p>\n<h4 style=\"text-align: justify;\">Ce sunt cookie-urile<\/h4>\n<p style=\"text-align: justify;\">Un cookie este un fi\u0219ier de mici dimensiuni, \u00een general alc\u0103tuit din litere \u0219i cifre, care este desc\u0103rcat \u00een memoria unui calculator (sau altui echipament folosit pentru navigare online &#8211; telefon mobil, tablet\u0103, etc.), atunci c\u00e2nd utilizatorul acceseaz\u0103 un anumit site web.<\/p>\n<p style=\"text-align: justify;\">Cookie-urile sunt create atunci c\u00e2nd browserul folosit de c\u0103tre un utilizator afi\u0219eaz\u0103 un anumit site web. Site-ul web transmite informa\u021bii c\u0103tre browser, iar acesta creeaz\u0103 un fi\u0219ier text. De fiecare dat\u0103 c\u00e2nd utilizatorul acceseaz\u0103 din nou respectivul site web, browserul acceseaz\u0103 \u0219i transmite acest fi\u0219ier c\u0103tre serverul site-ului web. Altfel spus, cookie-ul poate fi v\u0103zut ca un card de identificare a utilizatorului de Internet, care anun\u021b\u0103 site-ul web de fiecare dat\u0103 c\u00e2nd utilizatorul se \u00eentoarce pe respectivul site.<\/p>\n<h4 style=\"text-align: justify;\">Ce cookie folose\u0219te acest website<\/h4>\n<p style=\"text-align: justify;\">\u00cen con\u021binutul site-urilor noastre g\u0103si\u021bi uneori \u0219i con\u021binut de la website-uri ca \u0219i YouTube, Facebook, Instagram sau LinkedIn. Aceste website-uri pot folosi cookie-uri ce sunt stocate \u00een echipamentul dumneavoastr\u0103 de navigare online. Pentru mai multe informa\u021bii intra\u021bi pe aceste website-uri.<\/p>\n<h4 style=\"text-align: justify;\">Cookie-urile \u00eemi spioneaz\u0103 dispozitivul de navigare online?<\/h4>\n<p style=\"text-align: justify;\">Nu, cookie-urile nu sunt programe active. Astfel ele nu pot ac\u021biona ca un spyware (care intercepteaz\u0103 ilegal informa\u021bii) \u0219i nu sunt purt\u0103toare de viru\u0219i. Nu au acces la informa\u021biile dumneavoastr\u0103 de pe unitatea de stocare.<\/p>\n<h4 style=\"text-align: justify;\">Cookie-urile prezint\u0103 un risc pentru securitate sau siguran\u021b\u0103?<\/h4>\n<p style=\"text-align: justify;\">Nu, cookie-urile nu prezint\u0103 nici un risc pentru siguran\u021b\u0103 \u0219i confiden\u021bialitate. Nu sunt software-uri active sau executabile. Nu spioneaz\u0103 datele care sunt stocate \u00een dispozitivul de navigare online \u0219i nici nu con\u021bin viru\u0219i.<\/p>\n<h4 style=\"text-align: justify;\">Pot sa controlez cookie-urile?<\/h4>\n<p style=\"text-align: justify;\">Cookie-urile pot fi controlate (blocate sau permise) folosind op\u021biunile specifice din fiecare browser de navigare online. Browserul poate fi setat s\u0103 cear\u0103 cofirmarea utilizatorului pentru fiecare cookie ce poate fi stocat \u00een dispozitivul de navigare online. Este posibil chiar ca browserul s\u0103 fie setat s\u0103 blocheze toate cookie-urile.<\/p>\n<h4 style=\"text-align: justify;\">Pot dezactiva un cookie?<\/h4>\n<p style=\"text-align: justify;\">Da, unele browsere permit blocarea cookie-urilor ter\u021be (&#8222;third party cookies&#8221; &#8211; sunt acele cookie-uri plasate \u00een dispozitivul de navigare online de c\u0103tre o ter\u021b website dec\u00e2t de\u021bin\u0103torul website-ului pe care v\u0103 afla\u021bi sau permit folosirea set\u0103rilor pentru a bloca doar acele cookie-uri care nu au fost supuse set\u0103rilor de confiden\u021bialitate. Cu toate acestea majoritatea website-urilor folosesc cookie-urile pentru a \u00eembun\u0103t\u0103\u021bi experien\u021ba online. Pote\u021bi alege s\u0103 dezactiva\u021bi toate cookie-urile \u00eens\u0103 acestea vor afecta semnificativ experien\u021ba de navigare pe internet.<\/p>\n<h4 style=\"text-align: justify;\">Care este durata de via\u021b\u0103 a unui cookie?<\/h4>\n<p style=\"text-align: justify;\">Cookie-urile sunt administrate de servere web. Durata de via\u021b\u0103 a unui cookie poate varia semnificativ depinz\u00e2nd de scopul s\u0103u. Unele cookie-uri sunt folosite doar pentru o sesiune de navigare online (&#8222;session cookie&#8221;). Cu toate acestea cookie-urile pot fi \u0219terse de c\u0103tre utilizator oric\u00e2nd prin set\u0103rile browserului.<\/p>\n<h4 style=\"text-align: justify;\">Contacta\u0163i-ne<\/h4>\n<p style=\"text-align: justify;\">P\u0103rerea dumneavoastr\u0103 este important\u0103 pentru noi. Dac\u0103 ave\u0163i observa\u0163ii sau \u00eentreb\u0103ri legate de cookie-uri, contacta\u0163i-ne folosind adresele po\u015ftale sau de e-mail prezente pe pagina de contact.<\/p>\n<p>[\/vc_column_text][\/vc_column][\/vc_row]<\/p>\n<\/div>","protected":false},"excerpt":{"rendered":"<p>[vc_row][vc_column][vc_column_text] Ce sunt cookie-urile Un cookie este un fi\u0219ier de mici dimensiuni, \u00een general alc\u0103tuit din litere \u0219i cifre, care este desc\u0103rcat \u00een memoria unui calculator (sau altui echipament folosit pentru navigare online &#8211; telefon mobil, tablet\u0103, etc.), atunci c\u00e2nd utilizatorul acceseaz\u0103 un anumit site web. Cookie-urile sunt create atunci c\u00e2nd browserul folosit de c\u0103tre&hellip;<\/p>\n","protected":false},"author":1,"featured_media":0,"parent":54543,"menu_order":100,"comment_status":"closed","ping_status":"closed","template":"","meta":{"footnotes":""},"categories":[224],"tags":[],"class_list":["post-55677","page","type-page","status-publish","hentry","category-company","description-off"],"_links":{"self":[{"href":"https:\/\/rosistem.com\/ro\/wp-json\/wp\/v2\/pages\/55677","targetHints":{"allow":["GET"]}}],"collection":[{"href":"https:\/\/rosistem.com\/ro\/wp-json\/wp\/v2\/pages"}],"about":[{"href":"https:\/\/rosistem.com\/ro\/wp-json\/wp\/v2\/types\/page"}],"author":[{"embeddable":true,"href":"https:\/\/rosistem.com\/ro\/wp-json\/wp\/v2\/users\/1"}],"replies":[{"embeddable":true,"href":"https:\/\/rosistem.com\/ro\/wp-json\/wp\/v2\/comments?post=55677"}],"version-history":[{"count":0,"href":"https:\/\/rosistem.com\/ro\/wp-json\/wp\/v2\/pages\/55677\/revisions"}],"up":[{"embeddable":true,"href":"https:\/\/rosistem.com\/ro\/wp-json\/wp\/v2\/pages\/54543"}],"wp:attachment":[{"href":"https:\/\/rosistem.com\/ro\/wp-json\/wp\/v2\/media?parent=55677"}],"wp:term":[{"taxonomy":"category","embeddable":true,"href":"https:\/\/rosistem.com\/ro\/wp-json\/wp\/v2\/categories?post=55677"},{"taxonomy":"post_tag","embeddable":true,"href":"https:\/\/rosistem.com\/ro\/wp-json\/wp\/v2\/tags?post=55677"}],"curies":[{"name":"wp","href":"https:\/\/api.w.org\/{rel}","templated":true}]}}